{"id":7731,"date":"2017-04-23T12:07:15","date_gmt":"2017-04-23T16:07:15","guid":{"rendered":"http:\/\/www.iea.cl\/iea\/?page_id=7731"},"modified":"2025-08-11T15:39:09","modified_gmt":"2025-08-11T19:39:09","slug":"como-ir-al-cielo","status":"publish","type":"page","link":"https:\/\/iea.cl\/iea\/como-ir-al-cielo\/","title":{"rendered":"C\u00f3mo ir al Cielo"},"content":{"rendered":"<p><strong>Primero, las malas noticias.<\/strong><\/p>\n<p>Por causa de nuestro pecado, estamos separados de Dios. Esto se aplica a toda la raza humana.<\/p>\n<p>Romanos 3:23 dice,\u201dPor cuanto\u00a0<strong>todos<\/strong>\u00a0pecaron, y est\u00e1n\u00a0<strong>destituidos<\/strong>\u00a0de la gloria de Dios\u201d<\/p>\n<p>Romanos 3:10 dice,\u201dComo est\u00e1 escrito: No hay justo,\u00a0<strong>ni aun uno<\/strong>\u201d<\/p>\n<p>Romanos 6:23a\u00a0\u201cPorque la\u00a0<strong>paga del pecado es muerte<\/strong>\u201d<\/p>\n<p>Apocalipsis 21:8\u00a0\u201cPero los cobardes e incr\u00e9dulos, los abominables y homicidas, los fornicarios y hechiceros, los id\u00f3latras y todos los mentirosos tendr\u00e1n su parte en el lago que arde con fuego y azufre, que es la muerte segunda\u201d.<\/p>\n<p>No hay ninguna buena obra que podamos hacer para salvarnos a nosotros mismos.<\/p>\n<p>Efesios 2:8-9 dice,\u00a0\u201cPorque por gracia sois salvos, por medio de la fe, y esto no de vosotros, pues es don de Dios; no por obras, para que nadie se glor\u00ede\u201d<\/p>\n<p>Si desea estar separado de Dios para siempre, simplemente no haga nada. El \u00fanico pecado que lo puede privar del cielo es rechazar o ignorar al Hijo de Dios. La otra opci\u00f3n es el tormento eterno en el infierno. Apoc.20:15, 2\u00aa.Tesalonicenses 1:7-9<\/p>\n<p>Juan 3:18\u00a0\u201cEl que en \u00e9l cree, no es condenado; pero el que no cree, ya ha sido condenado, porque no ha cre\u00eddo en el nombre del unig\u00e9nito Hijo de Dios\u201d.<\/p>\n<p><img decoding=\"async\" class=\"size-medium wp-image-7690 aligncenter\" src=\"http:\/\/www.iea.cl\/iea\/wp-content\/uploads\/2016\/07\/Cuatro4-300x156.jpg\" alt=\"\" width=\"300\" height=\"156\" srcset=\"https:\/\/iea.cl\/iea\/wp-content\/uploads\/2016\/07\/Cuatro4-300x156.jpg 300w, https:\/\/iea.cl\/iea\/wp-content\/uploads\/2016\/07\/Cuatro4.jpg 500w\" sizes=\"(max-width: 300px) 100vw, 300px\" \/><\/p>\n<p>&nbsp;<\/p>\n<p><strong>\u00a1Hay buenas noticias!<\/strong><\/p>\n<p>Hay una forma para ser reconciliados con Dios, y esto fue logrado por el \u00fanico Hijo de Dios, Jesucristo. Se necesitaba un sacrificio para limpiar sus pecados, y Jes\u00fas se entreg\u00f3 para ser ese sacrificio. El fue clavado a una cruz y derram\u00f3 su sangre para limpiar nuestros pecados. Milagrosamente al tercer d\u00eda resucit\u00f3 de los muertos, confirmando que El era Todopoderoso para salvarnos.<\/p>\n<p align=\"center\"><strong>Poniendo nuestra confianza en la muerte, sepultura y resurrecci\u00f3n de Cristo es la \u00fanica manera de tener la salvaci\u00f3n, la vida eterna, y la reconciliaci\u00f3n con Dios.<\/strong><\/p>\n<p>Juan 14:6 Jes\u00fas le dijo:\u00a0\u201cYo soy el camino, y la verdad, y la vida;\u00a0<strong>nadie viene al Padre, sino por m\u00ed.<\/strong>\u00a0\u201d<\/p>\n<p><span lang=\"ES-CR\">Juan 3:16-18 es un pasaje claro\u00a0<\/span><span lang=\"ES-CR\">\u201cPorque de tal manera am\u00f3 Dios al mundo, que ha dado a su Hijo unig\u00e9nito, para que\u00a0<strong>todo aquel que en \u00e9l cree, no se pierda, mas tenga vida eterna<\/strong>.\u00a0<sup>17<\/sup>\u00a0Porque no envi\u00f3 Dios a su Hijo al mundo para condenar al mundo, sino para que el mundo\u00a0<strong>sea salvo por \u00e9l<\/strong>.\u00a0<sup>18<\/sup><strong>El que en \u00e9l cree, no es condenado<\/strong>; pero el que no cree, ya ha sido condenado, porque no ha cre\u00eddo en el nombre del unig\u00e9nito Hijo de Dios.\u201d<\/span><\/p>\n<p><span lang=\"ES-CR\">Para estar perdido por siempre, simplemente no haga nada.\u00a0 Pero para salvarse, veamos lo que la Biblia dice:<\/span><\/p>\n<p><span lang=\"ES-CR\">Romanos 10:9-10\u00a0<\/span><span lang=\"ES-CR\">\u201c<strong>que si confesares con tu boca que Jes\u00fas es el Se\u00f1or, y creyeres en tu coraz\u00f3n que Dios le levant\u00f3 de los muertos, ser\u00e1s salvo<\/strong>.\u00a0<sup>10<\/sup>\u00a0Porque con el coraz\u00f3n se cree para justicia, pero con la boca se confiesa para salvaci\u00f3n\u201d<\/span><\/p>\n<p>Hay un regalo de parte de Dios para usted.<\/p>\n<p>Romanos 6:23b\u00a0\u201cpero la d\u00e1diva\u00a0<strong>(regalo)<\/strong>\u00a0de Dios es\u00a0<strong>vida eterna<\/strong>\u00a0en Cristo Jes\u00fas, Se\u00f1or nuestro.\u201d<\/p>\n<p>Romanos 10:13\u00a0\u201cporque\u00a0<strong>todo aquel<\/strong>\u00a0que invocare el nombre del Se\u00f1or,\u00a0<strong>ser\u00e1 salvo<\/strong>.\u201d<\/p>\n<p><strong>\u00bfEst\u00e1 listo para recibir a Cristo?\u00a0<\/strong>\u00a0 Si es asi, haga la siguiente oraci\u00f3n:<\/p>\n<p>\u201cDios, reconozco que soy pecador, s\u00e9 que no puedo salvarme a mi mismo. Creo que Cristo muri\u00f3 en mi lugar para pagar mis pecados. Creo sinceramente y de todo coraz\u00f3n que Jes\u00fas muri\u00f3 en la cruz por m\u00ed, fue sepultado, y resucit\u00f3 de la tumba. Creo en Cristo y lo recibo por fe como mi salvador.\u201d<\/p>\n","protected":false},"excerpt":{"rendered":"<p>Primero, las malas noticias. Por causa de nuestro pecado, estamos separados de Dios. Esto se aplica a toda la raza [&hellip;]<\/p>\n","protected":false},"author":1,"featured_media":0,"parent":0,"menu_order":0,"comment_status":"closed","ping_status":"closed","template":"elementor_theme","meta":{"site-sidebar-layout":"default","site-content-layout":"","ast-site-content-layout":"default","site-content-style":"default","site-sidebar-style":"default","ast-global-header-display":"","ast-banner-title-visibility":"","ast-main-header-display":"","ast-hfb-above-header-display":"","ast-hfb-below-header-display":"","ast-hfb-mobile-header-display":"","site-post-title":"","ast-breadcrumbs-content":"","ast-featured-img":"","footer-sml-layout":"","theme-transparent-header-meta":"default","adv-header-id-meta":"","stick-header-meta":"","header-above-stick-meta":"","header-main-stick-meta":"","header-below-stick-meta":"","astra-migrate-meta-layouts":"set","ast-page-background-enabled":"default","ast-page-background-meta":{"desktop":{"background-color":"var(--ast-global-color-5)","background-image":"","background-repeat":"repeat","background-position":"center center","background-size":"auto","background-attachment":"scroll","background-type":"","background-media":"","overlay-type":"","overlay-color":"","overlay-opacity":"","overlay-gradient":""},"tablet":{"background-color":"","background-image":"","background-repeat":"repeat","background-position":"center center","background-size":"auto","background-attachment":"scroll","background-type":"","background-media":"","overlay-type":"","overlay-color":"","overlay-opacity":"","overlay-gradient":""},"mobile":{"background-color":"","background-image":"","background-repeat":"repeat","background-position":"center center","background-size":"auto","background-attachment":"scroll","background-type":"","background-media":"","overlay-type":"","overlay-color":"","overlay-opacity":"","overlay-gradient":""}},"ast-content-background-meta":{"desktop":{"background-color":"var(--ast-global-color-4)","background-image":"","background-repeat":"repeat","background-position":"center center","background-size":"auto","background-attachment":"scroll","background-type":"","background-media":"","overlay-type":"","overlay-color":"","overlay-opacity":"","overlay-gradient":""},"tablet":{"background-color":"var(--ast-global-color-4)","background-image":"","background-repeat":"repeat","background-position":"center center","background-size":"auto","background-attachment":"scroll","background-type":"","background-media":"","overlay-type":"","overlay-color":"","overlay-opacity":"","overlay-gradient":""},"mobile":{"background-color":"var(--ast-global-color-4)","background-image":"","background-repeat":"repeat","background-position":"center center","background-size":"auto","background-attachment":"scroll","background-type":"","background-media":"","overlay-type":"","overlay-color":"","overlay-opacity":"","overlay-gradient":""}},"footnotes":""},"class_list":["post-7731","page","type-page","status-publish","hentry"],"yoast_head":"<!-- This site is optimized with the Yoast SEO plugin v27.4 - https:\/\/yoast.com\/product\/yoast-seo-wordpress\/ -->\n<title>C\u00f3mo ir al Cielo -<\/title>\n<meta name=\"robots\" content=\"index, follow, max-snippet:-1, max-image-preview:large, max-video-preview:-1\" \/>\n<link rel=\"canonical\" href=\"https:\/\/iea.cl\/iea\/como-ir-al-cielo\/\" \/>\n<meta property=\"og:locale\" content=\"es_ES\" \/>\n<meta property=\"og:type\" content=\"article\" \/>\n<meta property=\"og:title\" content=\"C\u00f3mo ir al Cielo -\" \/>\n<meta property=\"og:description\" content=\"Primero, las malas noticias. Por causa de nuestro pecado, estamos separados de Dios. Esto se aplica a toda la raza [&hellip;]\" \/>\n<meta property=\"og:url\" content=\"https:\/\/iea.cl\/iea\/como-ir-al-cielo\/\" \/>\n<meta property=\"article:publisher\" content=\"https:\/\/www.facebook.com\/iglesiasevangelicasaliancistas\/\" \/>\n<meta property=\"article:modified_time\" content=\"2025-08-11T19:39:09+00:00\" \/>\n<meta property=\"og:image\" content=\"https:\/\/iea.cl\/iea\/wp-content\/uploads\/2016\/07\/Cuatro4.jpg\" \/>\n\t<meta property=\"og:image:width\" content=\"500\" \/>\n\t<meta property=\"og:image:height\" content=\"260\" \/>\n\t<meta property=\"og:image:type\" content=\"image\/jpeg\" \/>\n<meta name=\"twitter:card\" content=\"summary_large_image\" \/>\n<meta name=\"twitter:label1\" content=\"Tiempo estimado de lectura\" \/>\n\t<meta name=\"twitter:data1\" content=\"3 minutos\" \/>\n<script type=\"application\/ld+json\" class=\"yoast-schema-graph\">{\"@context\":\"https:\\\/\\\/schema.org\",\"@graph\":[{\"@type\":\"WebPage\",\"@id\":\"https:\\\/\\\/iea.cl\\\/iea\\\/como-ir-al-cielo\\\/\",\"url\":\"https:\\\/\\\/iea.cl\\\/iea\\\/como-ir-al-cielo\\\/\",\"name\":\"C\u00f3mo ir al Cielo -\",\"isPartOf\":{\"@id\":\"https:\\\/\\\/iea.cl\\\/iea\\\/#website\"},\"primaryImageOfPage\":{\"@id\":\"https:\\\/\\\/iea.cl\\\/iea\\\/como-ir-al-cielo\\\/#primaryimage\"},\"image\":{\"@id\":\"https:\\\/\\\/iea.cl\\\/iea\\\/como-ir-al-cielo\\\/#primaryimage\"},\"thumbnailUrl\":\"http:\\\/\\\/www.iea.cl\\\/iea\\\/wp-content\\\/uploads\\\/2016\\\/07\\\/Cuatro4-300x156.jpg\",\"datePublished\":\"2017-04-23T16:07:15+00:00\",\"dateModified\":\"2025-08-11T19:39:09+00:00\",\"breadcrumb\":{\"@id\":\"https:\\\/\\\/iea.cl\\\/iea\\\/como-ir-al-cielo\\\/#breadcrumb\"},\"inLanguage\":\"es-CL\",\"potentialAction\":[{\"@type\":\"ReadAction\",\"target\":[\"https:\\\/\\\/iea.cl\\\/iea\\\/como-ir-al-cielo\\\/\"]}]},{\"@type\":\"ImageObject\",\"inLanguage\":\"es-CL\",\"@id\":\"https:\\\/\\\/iea.cl\\\/iea\\\/como-ir-al-cielo\\\/#primaryimage\",\"url\":\"http:\\\/\\\/www.iea.cl\\\/iea\\\/wp-content\\\/uploads\\\/2016\\\/07\\\/Cuatro4-300x156.jpg\",\"contentUrl\":\"http:\\\/\\\/www.iea.cl\\\/iea\\\/wp-content\\\/uploads\\\/2016\\\/07\\\/Cuatro4-300x156.jpg\"},{\"@type\":\"BreadcrumbList\",\"@id\":\"https:\\\/\\\/iea.cl\\\/iea\\\/como-ir-al-cielo\\\/#breadcrumb\",\"itemListElement\":[{\"@type\":\"ListItem\",\"position\":1,\"name\":\"Portada\",\"item\":\"https:\\\/\\\/iea.cl\\\/iea\\\/\"},{\"@type\":\"ListItem\",\"position\":2,\"name\":\"C\u00f3mo ir al Cielo\"}]},{\"@type\":\"WebSite\",\"@id\":\"https:\\\/\\\/iea.cl\\\/iea\\\/#website\",\"url\":\"https:\\\/\\\/iea.cl\\\/iea\\\/\",\"name\":\"\",\"description\":\"Creciendo , Predicando y Defendiendo La Palabra de Dios.\",\"publisher\":{\"@id\":\"https:\\\/\\\/iea.cl\\\/iea\\\/#organization\"},\"alternateName\":\"iea.cl\",\"potentialAction\":[{\"@type\":\"SearchAction\",\"target\":{\"@type\":\"EntryPoint\",\"urlTemplate\":\"https:\\\/\\\/iea.cl\\\/iea\\\/?s={search_term_string}\"},\"query-input\":{\"@type\":\"PropertyValueSpecification\",\"valueRequired\":true,\"valueName\":\"search_term_string\"}}],\"inLanguage\":\"es-CL\"},{\"@type\":\"Organization\",\"@id\":\"https:\\\/\\\/iea.cl\\\/iea\\\/#organization\",\"name\":\"Iglesia Evangelica Aliancista\",\"alternateName\":\"iea.cl\",\"url\":\"https:\\\/\\\/iea.cl\\\/iea\\\/\",\"logo\":{\"@type\":\"ImageObject\",\"inLanguage\":\"es-CL\",\"@id\":\"https:\\\/\\\/iea.cl\\\/iea\\\/#\\\/schema\\\/logo\\\/image\\\/\",\"url\":\"https:\\\/\\\/iea.cl\\\/iea\\\/wp-content\\\/uploads\\\/2022\\\/01\\\/logo-iea-Ico.png\",\"contentUrl\":\"https:\\\/\\\/iea.cl\\\/iea\\\/wp-content\\\/uploads\\\/2022\\\/01\\\/logo-iea-Ico.png\",\"width\":185,\"height\":231,\"caption\":\"Iglesia Evangelica Aliancista\"},\"image\":{\"@id\":\"https:\\\/\\\/iea.cl\\\/iea\\\/#\\\/schema\\\/logo\\\/image\\\/\"},\"sameAs\":[\"https:\\\/\\\/www.facebook.com\\\/iglesiasevangelicasaliancistas\\\/\",\"https:\\\/\\\/www.youtube.com\\\/channel\\\/UCGYq0Rj6sj-VqrqweaW0HhA\\\/videos\"]}]}<\/script>\n<!-- \/ Yoast SEO plugin. -->","yoast_head_json":{"title":"C\u00f3mo ir al Cielo -","robots":{"index":"index","follow":"follow","max-snippet":"max-snippet:-1","max-image-preview":"max-image-preview:large","max-video-preview":"max-video-preview:-1"},"canonical":"https:\/\/iea.cl\/iea\/como-ir-al-cielo\/","og_locale":"es_ES","og_type":"article","og_title":"C\u00f3mo ir al Cielo -","og_description":"Primero, las malas noticias. Por causa de nuestro pecado, estamos separados de Dios. Esto se aplica a toda la raza [&hellip;]","og_url":"https:\/\/iea.cl\/iea\/como-ir-al-cielo\/","article_publisher":"https:\/\/www.facebook.com\/iglesiasevangelicasaliancistas\/","article_modified_time":"2025-08-11T19:39:09+00:00","og_image":[{"width":500,"height":260,"url":"https:\/\/iea.cl\/iea\/wp-content\/uploads\/2016\/07\/Cuatro4.jpg","type":"image\/jpeg"}],"twitter_card":"summary_large_image","twitter_misc":{"Tiempo estimado de lectura":"3 minutos"},"schema":{"@context":"https:\/\/schema.org","@graph":[{"@type":"WebPage","@id":"https:\/\/iea.cl\/iea\/como-ir-al-cielo\/","url":"https:\/\/iea.cl\/iea\/como-ir-al-cielo\/","name":"C\u00f3mo ir al Cielo -","isPartOf":{"@id":"https:\/\/iea.cl\/iea\/#website"},"primaryImageOfPage":{"@id":"https:\/\/iea.cl\/iea\/como-ir-al-cielo\/#primaryimage"},"image":{"@id":"https:\/\/iea.cl\/iea\/como-ir-al-cielo\/#primaryimage"},"thumbnailUrl":"http:\/\/www.iea.cl\/iea\/wp-content\/uploads\/2016\/07\/Cuatro4-300x156.jpg","datePublished":"2017-04-23T16:07:15+00:00","dateModified":"2025-08-11T19:39:09+00:00","breadcrumb":{"@id":"https:\/\/iea.cl\/iea\/como-ir-al-cielo\/#breadcrumb"},"inLanguage":"es-CL","potentialAction":[{"@type":"ReadAction","target":["https:\/\/iea.cl\/iea\/como-ir-al-cielo\/"]}]},{"@type":"ImageObject","inLanguage":"es-CL","@id":"https:\/\/iea.cl\/iea\/como-ir-al-cielo\/#primaryimage","url":"http:\/\/www.iea.cl\/iea\/wp-content\/uploads\/2016\/07\/Cuatro4-300x156.jpg","contentUrl":"http:\/\/www.iea.cl\/iea\/wp-content\/uploads\/2016\/07\/Cuatro4-300x156.jpg"},{"@type":"BreadcrumbList","@id":"https:\/\/iea.cl\/iea\/como-ir-al-cielo\/#breadcrumb","itemListElement":[{"@type":"ListItem","position":1,"name":"Portada","item":"https:\/\/iea.cl\/iea\/"},{"@type":"ListItem","position":2,"name":"C\u00f3mo ir al Cielo"}]},{"@type":"WebSite","@id":"https:\/\/iea.cl\/iea\/#website","url":"https:\/\/iea.cl\/iea\/","name":"","description":"Creciendo , Predicando y Defendiendo La Palabra de Dios.","publisher":{"@id":"https:\/\/iea.cl\/iea\/#organization"},"alternateName":"iea.cl","potentialAction":[{"@type":"SearchAction","target":{"@type":"EntryPoint","urlTemplate":"https:\/\/iea.cl\/iea\/?s={search_term_string}"},"query-input":{"@type":"PropertyValueSpecification","valueRequired":true,"valueName":"search_term_string"}}],"inLanguage":"es-CL"},{"@type":"Organization","@id":"https:\/\/iea.cl\/iea\/#organization","name":"Iglesia Evangelica Aliancista","alternateName":"iea.cl","url":"https:\/\/iea.cl\/iea\/","logo":{"@type":"ImageObject","inLanguage":"es-CL","@id":"https:\/\/iea.cl\/iea\/#\/schema\/logo\/image\/","url":"https:\/\/iea.cl\/iea\/wp-content\/uploads\/2022\/01\/logo-iea-Ico.png","contentUrl":"https:\/\/iea.cl\/iea\/wp-content\/uploads\/2022\/01\/logo-iea-Ico.png","width":185,"height":231,"caption":"Iglesia Evangelica Aliancista"},"image":{"@id":"https:\/\/iea.cl\/iea\/#\/schema\/logo\/image\/"},"sameAs":["https:\/\/www.facebook.com\/iglesiasevangelicasaliancistas\/","https:\/\/www.youtube.com\/channel\/UCGYq0Rj6sj-VqrqweaW0HhA\/videos"]}]}},"_links":{"self":[{"href":"https:\/\/iea.cl\/iea\/wp-json\/wp\/v2\/pages\/7731","targetHints":{"allow":["GET"]}}],"collection":[{"href":"https:\/\/iea.cl\/iea\/wp-json\/wp\/v2\/pages"}],"about":[{"href":"https:\/\/iea.cl\/iea\/wp-json\/wp\/v2\/types\/page"}],"author":[{"embeddable":true,"href":"https:\/\/iea.cl\/iea\/wp-json\/wp\/v2\/users\/1"}],"replies":[{"embeddable":true,"href":"https:\/\/iea.cl\/iea\/wp-json\/wp\/v2\/comments?post=7731"}],"version-history":[{"count":3,"href":"https:\/\/iea.cl\/iea\/wp-json\/wp\/v2\/pages\/7731\/revisions"}],"predecessor-version":[{"id":11513,"href":"https:\/\/iea.cl\/iea\/wp-json\/wp\/v2\/pages\/7731\/revisions\/11513"}],"wp:attachment":[{"href":"https:\/\/iea.cl\/iea\/wp-json\/wp\/v2\/media?parent=7731"}],"curies":[{"name":"wp","href":"https:\/\/api.w.org\/{rel}","templated":true}]}}