{"id":7830,"date":"2017-09-23T16:09:01","date_gmt":"2017-09-23T20:09:01","guid":{"rendered":"http:\/\/www.iea.cl\/iea\/?page_id=7830"},"modified":"2025-05-24T23:10:52","modified_gmt":"2025-05-25T03:10:52","slug":"organizacion","status":"publish","type":"page","link":"https:\/\/iea.cl\/iea\/organizacion\/","title":{"rendered":"Organizaci\u00f3n"},"content":{"rendered":"<p><img fetchpriority=\"high\" decoding=\"async\" class=\"alignnone size-medium wp-image-8180\" src=\"http:\/\/www.iea.cl\/iea\/wp-content\/uploads\/2017\/09\/Organigrama-76-conv.-300x190.jpg\" alt=\"\" width=\"1139\" height=\"720\" srcset=\"https:\/\/iea.cl\/iea\/wp-content\/uploads\/2017\/09\/Organigrama-76-conv.-300x190.jpg 300w, https:\/\/iea.cl\/iea\/wp-content\/uploads\/2017\/09\/Organigrama-76-conv.-768x485.jpg 768w, https:\/\/iea.cl\/iea\/wp-content\/uploads\/2017\/09\/Organigrama-76-conv.-1024x647.jpg 1024w, https:\/\/iea.cl\/iea\/wp-content\/uploads\/2017\/09\/Organigrama-76-conv..jpg 1139w\" sizes=\"(max-width: 1139px) 100vw, 1139px\" \/><\/p>\n<ul>\n<li><a href=\"http:\/\/www.iea.cl\/iea\/wp-content\/uploads\/2017\/09\/Registro-pers.-jur.-276-1.pdf\">Personalidad Jur\u00eddica de la Misi\u00f3n Aliancista<\/a><\/li>\n<li><a href=\"http:\/\/www.iea.cl\/iea\/wp-content\/uploads\/2017\/09\/reglamento-iglesia-.-Final-impreso-1.pdf\">Reglamentos de la Iglesia Evang\u00e9lica Aliancista<\/a><\/li>\n<li><a href=\"http:\/\/www.iea.cl\/iea\/wp-content\/uploads\/2017\/09\/Estatutos-imprenta.doc-1.pdf\">Nuestros Estatutos<\/a><\/li>\n<\/ul>\n","protected":false},"excerpt":{"rendered":"<p>Personalidad Jur\u00eddica de la Misi\u00f3n Aliancista Reglamentos de la Iglesia Evang\u00e9lica Aliancista Nuestros Estatutos<\/p>\n","protected":false},"author":1,"featured_media":0,"parent":0,"menu_order":0,"comment_status":"closed","ping_status":"closed","template":"","meta":{"site-sidebar-layout":"default","site-content-layout":"","ast-site-content-layout":"default","site-content-style":"default","site-sidebar-style":"default","ast-global-header-display":"","ast-banner-title-visibility":"","ast-main-header-display":"","ast-hfb-above-header-display":"","ast-hfb-below-header-display":"","ast-hfb-mobile-header-display":"","site-post-title":"","ast-breadcrumbs-content":"","ast-featured-img":"","footer-sml-layout":"","theme-transparent-header-meta":"","adv-header-id-meta":"","stick-header-meta":"","header-above-stick-meta":"","header-main-stick-meta":"","header-below-stick-meta":"","astra-migrate-meta-layouts":"default","ast-page-background-enabled":"default","ast-page-background-meta":{"desktop":{"background-color":"var(--ast-global-color-5)","background-image":"","background-repeat":"repeat","background-position":"center center","background-size":"auto","background-attachment":"scroll","background-type":"","background-media":"","overlay-type":"","overlay-color":"","overlay-opacity":"","overlay-gradient":""},"tablet":{"background-color":"","background-image":"","background-repeat":"repeat","background-position":"center center","background-size":"auto","background-attachment":"scroll","background-type":"","background-media":"","overlay-type":"","overlay-color":"","overlay-opacity":"","overlay-gradient":""},"mobile":{"background-color":"","background-image":"","background-repeat":"repeat","background-position":"center center","background-size":"auto","background-attachment":"scroll","background-type":"","background-media":"","overlay-type":"","overlay-color":"","overlay-opacity":"","overlay-gradient":""}},"ast-content-background-meta":{"desktop":{"background-color":"var(--ast-global-color-4)","background-image":"","background-repeat":"repeat","background-position":"center center","background-size":"auto","background-attachment":"scroll","background-type":"","background-media":"","overlay-type":"","overlay-color":"","overlay-opacity":"","overlay-gradient":""},"tablet":{"background-color":"var(--ast-global-color-4)","background-image":"","background-repeat":"repeat","background-position":"center center","background-size":"auto","background-attachment":"scroll","background-type":"","background-media":"","overlay-type":"","overlay-color":"","overlay-opacity":"","overlay-gradient":""},"mobile":{"background-color":"var(--ast-global-color-4)","background-image":"","background-repeat":"repeat","background-position":"center center","background-size":"auto","background-attachment":"scroll","background-type":"","background-media":"","overlay-type":"","overlay-color":"","overlay-opacity":"","overlay-gradient":""}},"footnotes":""},"class_list":["post-7830","page","type-page","status-publish","hentry"],"yoast_head":"<!-- This site is optimized with the Yoast SEO plugin v27.4 - https:\/\/yoast.com\/product\/yoast-seo-wordpress\/ -->\n<title>Organizaci\u00f3n -<\/title>\n<meta name=\"robots\" content=\"index, follow, max-snippet:-1, max-image-preview:large, max-video-preview:-1\" \/>\n<link rel=\"canonical\" href=\"https:\/\/iea.cl\/iea\/organizacion\/\" \/>\n<meta property=\"og:locale\" content=\"es_ES\" \/>\n<meta property=\"og:type\" content=\"article\" \/>\n<meta property=\"og:title\" content=\"Organizaci\u00f3n -\" \/>\n<meta property=\"og:description\" content=\"Personalidad Jur\u00eddica de la Misi\u00f3n Aliancista Reglamentos de la Iglesia Evang\u00e9lica Aliancista Nuestros Estatutos\" \/>\n<meta property=\"og:url\" content=\"https:\/\/iea.cl\/iea\/organizacion\/\" \/>\n<meta property=\"article:publisher\" content=\"https:\/\/www.facebook.com\/iglesiasevangelicasaliancistas\/\" \/>\n<meta property=\"article:modified_time\" content=\"2025-05-25T03:10:52+00:00\" \/>\n<meta property=\"og:image\" content=\"http:\/\/www.iea.cl\/iea\/wp-content\/uploads\/2017\/09\/Organigrama-76-conv.-300x190.jpg\" \/>\n<meta name=\"twitter:card\" content=\"summary_large_image\" \/>\n<script type=\"application\/ld+json\" class=\"yoast-schema-graph\">{\"@context\":\"https:\\\/\\\/schema.org\",\"@graph\":[{\"@type\":\"WebPage\",\"@id\":\"https:\\\/\\\/iea.cl\\\/iea\\\/organizacion\\\/\",\"url\":\"https:\\\/\\\/iea.cl\\\/iea\\\/organizacion\\\/\",\"name\":\"Organizaci\u00f3n -\",\"isPartOf\":{\"@id\":\"https:\\\/\\\/iea.cl\\\/iea\\\/#website\"},\"primaryImageOfPage\":{\"@id\":\"https:\\\/\\\/iea.cl\\\/iea\\\/organizacion\\\/#primaryimage\"},\"image\":{\"@id\":\"https:\\\/\\\/iea.cl\\\/iea\\\/organizacion\\\/#primaryimage\"},\"thumbnailUrl\":\"http:\\\/\\\/www.iea.cl\\\/iea\\\/wp-content\\\/uploads\\\/2017\\\/09\\\/Organigrama-76-conv.-300x190.jpg\",\"datePublished\":\"2017-09-23T20:09:01+00:00\",\"dateModified\":\"2025-05-25T03:10:52+00:00\",\"breadcrumb\":{\"@id\":\"https:\\\/\\\/iea.cl\\\/iea\\\/organizacion\\\/#breadcrumb\"},\"inLanguage\":\"es-CL\",\"potentialAction\":[{\"@type\":\"ReadAction\",\"target\":[\"https:\\\/\\\/iea.cl\\\/iea\\\/organizacion\\\/\"]}]},{\"@type\":\"ImageObject\",\"inLanguage\":\"es-CL\",\"@id\":\"https:\\\/\\\/iea.cl\\\/iea\\\/organizacion\\\/#primaryimage\",\"url\":\"http:\\\/\\\/www.iea.cl\\\/iea\\\/wp-content\\\/uploads\\\/2017\\\/09\\\/Organigrama-76-conv.-300x190.jpg\",\"contentUrl\":\"http:\\\/\\\/www.iea.cl\\\/iea\\\/wp-content\\\/uploads\\\/2017\\\/09\\\/Organigrama-76-conv.-300x190.jpg\"},{\"@type\":\"BreadcrumbList\",\"@id\":\"https:\\\/\\\/iea.cl\\\/iea\\\/organizacion\\\/#breadcrumb\",\"itemListElement\":[{\"@type\":\"ListItem\",\"position\":1,\"name\":\"Portada\",\"item\":\"https:\\\/\\\/iea.cl\\\/iea\\\/\"},{\"@type\":\"ListItem\",\"position\":2,\"name\":\"Organizaci\u00f3n\"}]},{\"@type\":\"WebSite\",\"@id\":\"https:\\\/\\\/iea.cl\\\/iea\\\/#website\",\"url\":\"https:\\\/\\\/iea.cl\\\/iea\\\/\",\"name\":\"\",\"description\":\"Creciendo , Predicando y Defendiendo La Palabra de Dios.\",\"publisher\":{\"@id\":\"https:\\\/\\\/iea.cl\\\/iea\\\/#organization\"},\"alternateName\":\"iea.cl\",\"potentialAction\":[{\"@type\":\"SearchAction\",\"target\":{\"@type\":\"EntryPoint\",\"urlTemplate\":\"https:\\\/\\\/iea.cl\\\/iea\\\/?s={search_term_string}\"},\"query-input\":{\"@type\":\"PropertyValueSpecification\",\"valueRequired\":true,\"valueName\":\"search_term_string\"}}],\"inLanguage\":\"es-CL\"},{\"@type\":\"Organization\",\"@id\":\"https:\\\/\\\/iea.cl\\\/iea\\\/#organization\",\"name\":\"Iglesia Evangelica Aliancista\",\"alternateName\":\"iea.cl\",\"url\":\"https:\\\/\\\/iea.cl\\\/iea\\\/\",\"logo\":{\"@type\":\"ImageObject\",\"inLanguage\":\"es-CL\",\"@id\":\"https:\\\/\\\/iea.cl\\\/iea\\\/#\\\/schema\\\/logo\\\/image\\\/\",\"url\":\"https:\\\/\\\/iea.cl\\\/iea\\\/wp-content\\\/uploads\\\/2022\\\/01\\\/logo-iea-Ico.png\",\"contentUrl\":\"https:\\\/\\\/iea.cl\\\/iea\\\/wp-content\\\/uploads\\\/2022\\\/01\\\/logo-iea-Ico.png\",\"width\":185,\"height\":231,\"caption\":\"Iglesia Evangelica Aliancista\"},\"image\":{\"@id\":\"https:\\\/\\\/iea.cl\\\/iea\\\/#\\\/schema\\\/logo\\\/image\\\/\"},\"sameAs\":[\"https:\\\/\\\/www.facebook.com\\\/iglesiasevangelicasaliancistas\\\/\",\"https:\\\/\\\/www.youtube.com\\\/channel\\\/UCGYq0Rj6sj-VqrqweaW0HhA\\\/videos\"]}]}<\/script>\n<!-- \/ Yoast SEO plugin. -->","yoast_head_json":{"title":"Organizaci\u00f3n -","robots":{"index":"index","follow":"follow","max-snippet":"max-snippet:-1","max-image-preview":"max-image-preview:large","max-video-preview":"max-video-preview:-1"},"canonical":"https:\/\/iea.cl\/iea\/organizacion\/","og_locale":"es_ES","og_type":"article","og_title":"Organizaci\u00f3n -","og_description":"Personalidad Jur\u00eddica de la Misi\u00f3n Aliancista Reglamentos de la Iglesia Evang\u00e9lica Aliancista Nuestros Estatutos","og_url":"https:\/\/iea.cl\/iea\/organizacion\/","article_publisher":"https:\/\/www.facebook.com\/iglesiasevangelicasaliancistas\/","article_modified_time":"2025-05-25T03:10:52+00:00","og_image":[{"url":"http:\/\/www.iea.cl\/iea\/wp-content\/uploads\/2017\/09\/Organigrama-76-conv.-300x190.jpg","type":"","width":"","height":""}],"twitter_card":"summary_large_image","schema":{"@context":"https:\/\/schema.org","@graph":[{"@type":"WebPage","@id":"https:\/\/iea.cl\/iea\/organizacion\/","url":"https:\/\/iea.cl\/iea\/organizacion\/","name":"Organizaci\u00f3n -","isPartOf":{"@id":"https:\/\/iea.cl\/iea\/#website"},"primaryImageOfPage":{"@id":"https:\/\/iea.cl\/iea\/organizacion\/#primaryimage"},"image":{"@id":"https:\/\/iea.cl\/iea\/organizacion\/#primaryimage"},"thumbnailUrl":"http:\/\/www.iea.cl\/iea\/wp-content\/uploads\/2017\/09\/Organigrama-76-conv.-300x190.jpg","datePublished":"2017-09-23T20:09:01+00:00","dateModified":"2025-05-25T03:10:52+00:00","breadcrumb":{"@id":"https:\/\/iea.cl\/iea\/organizacion\/#breadcrumb"},"inLanguage":"es-CL","potentialAction":[{"@type":"ReadAction","target":["https:\/\/iea.cl\/iea\/organizacion\/"]}]},{"@type":"ImageObject","inLanguage":"es-CL","@id":"https:\/\/iea.cl\/iea\/organizacion\/#primaryimage","url":"http:\/\/www.iea.cl\/iea\/wp-content\/uploads\/2017\/09\/Organigrama-76-conv.-300x190.jpg","contentUrl":"http:\/\/www.iea.cl\/iea\/wp-content\/uploads\/2017\/09\/Organigrama-76-conv.-300x190.jpg"},{"@type":"BreadcrumbList","@id":"https:\/\/iea.cl\/iea\/organizacion\/#breadcrumb","itemListElement":[{"@type":"ListItem","position":1,"name":"Portada","item":"https:\/\/iea.cl\/iea\/"},{"@type":"ListItem","position":2,"name":"Organizaci\u00f3n"}]},{"@type":"WebSite","@id":"https:\/\/iea.cl\/iea\/#website","url":"https:\/\/iea.cl\/iea\/","name":"","description":"Creciendo , Predicando y Defendiendo La Palabra de Dios.","publisher":{"@id":"https:\/\/iea.cl\/iea\/#organization"},"alternateName":"iea.cl","potentialAction":[{"@type":"SearchAction","target":{"@type":"EntryPoint","urlTemplate":"https:\/\/iea.cl\/iea\/?s={search_term_string}"},"query-input":{"@type":"PropertyValueSpecification","valueRequired":true,"valueName":"search_term_string"}}],"inLanguage":"es-CL"},{"@type":"Organization","@id":"https:\/\/iea.cl\/iea\/#organization","name":"Iglesia Evangelica Aliancista","alternateName":"iea.cl","url":"https:\/\/iea.cl\/iea\/","logo":{"@type":"ImageObject","inLanguage":"es-CL","@id":"https:\/\/iea.cl\/iea\/#\/schema\/logo\/image\/","url":"https:\/\/iea.cl\/iea\/wp-content\/uploads\/2022\/01\/logo-iea-Ico.png","contentUrl":"https:\/\/iea.cl\/iea\/wp-content\/uploads\/2022\/01\/logo-iea-Ico.png","width":185,"height":231,"caption":"Iglesia Evangelica Aliancista"},"image":{"@id":"https:\/\/iea.cl\/iea\/#\/schema\/logo\/image\/"},"sameAs":["https:\/\/www.facebook.com\/iglesiasevangelicasaliancistas\/","https:\/\/www.youtube.com\/channel\/UCGYq0Rj6sj-VqrqweaW0HhA\/videos"]}]}},"_links":{"self":[{"href":"https:\/\/iea.cl\/iea\/wp-json\/wp\/v2\/pages\/7830","targetHints":{"allow":["GET"]}}],"collection":[{"href":"https:\/\/iea.cl\/iea\/wp-json\/wp\/v2\/pages"}],"about":[{"href":"https:\/\/iea.cl\/iea\/wp-json\/wp\/v2\/types\/page"}],"author":[{"embeddable":true,"href":"https:\/\/iea.cl\/iea\/wp-json\/wp\/v2\/users\/1"}],"replies":[{"embeddable":true,"href":"https:\/\/iea.cl\/iea\/wp-json\/wp\/v2\/comments?post=7830"}],"version-history":[{"count":5,"href":"https:\/\/iea.cl\/iea\/wp-json\/wp\/v2\/pages\/7830\/revisions"}],"predecessor-version":[{"id":11248,"href":"https:\/\/iea.cl\/iea\/wp-json\/wp\/v2\/pages\/7830\/revisions\/11248"}],"wp:attachment":[{"href":"https:\/\/iea.cl\/iea\/wp-json\/wp\/v2\/media?parent=7830"}],"curies":[{"name":"wp","href":"https:\/\/api.w.org\/{rel}","templated":true}]}}